{"id":1125,"date":"2024-05-26T20:42:35","date_gmt":"2024-05-27T00:42:35","guid":{"rendered":"https:\/\/kmq.cl\/portones\/blog-3\/"},"modified":"2026-04-07T20:04:38","modified_gmt":"2026-04-08T00:04:38","slug":"blog-3","status":"publish","type":"page","link":"https:\/\/kmq.cl\/portones\/blog-3\/","title":{"rendered":"Blog  sobre portones"},"content":{"rendered":"\n<div class=\"wp-block-uagb-container uagb-block-6e1fb546 alignfull uagb-is-root-container\"><div class=\"uagb-container-inner-blocks-wrap\"><\/div><\/div>\n\n\n\n<div class=\"wp-block-uagb-image aligncenter uagb-block-3cac0283 wp-block-uagb-image--layout-default wp-block-uagb-image--effect-static wp-block-uagb-image--align-center\"><figure class=\"wp-block-uagb-image__figure\"><img loading=\"lazy\" decoding=\"async\" srcset=\"https:\/\/kmq.cl\/portones\/wp-content\/uploads\/2024\/05\/man-reading-touchscreen-791049.jpg ,https:\/\/kmq.cl\/portones\/wp-content\/uploads\/2024\/05\/man-reading-touchscreen-791049.jpg 780w, https:\/\/kmq.cl\/portones\/wp-content\/uploads\/2024\/05\/man-reading-touchscreen-791049.jpg 360w\" sizes=\"auto, (max-width: 480px) 150px\" src=\"https:\/\/kmq.cl\/portones\/wp-content\/uploads\/2024\/05\/man-reading-touchscreen-791049.jpg\" alt=\"man, reading, touchscreen-791049.jpg\" class=\"uag-image-1249\" width=\"1280\" height=\"853\" title=\"man-reading-touchscreen-791049\" loading=\"lazy\" role=\"img\"\/><\/figure><\/div>\n\n\n\n<div class=\"wp-block-uagb-advanced-heading uagb-block-4c698366\"><h2 class=\"uagb-heading-text\">Bienvenidos al Blog de KMQ Portones Met\u00e1licos<\/h2><\/div>\n\n\n\n<div class=\"wp-block-uagb-separator uagb-block-691fe7a1\"><div class=\"wp-block-uagb-separator__inner\" style=\"--my-background-image:\"><\/div><\/div>\n\n\n\n<div class=\"wp-block-uagb-container uagb-block-e8e1d3e7 alignfull uagb-is-root-container\"><div class=\"uagb-container-inner-blocks-wrap\"><\/div><\/div>\n\n\n\n<div class=\"wp-block-query is-layout-flow wp-block-query-is-layout-flow\"><ul class=\"columns-3 wp-block-post-template is-layout-grid wp-container-core-post-template-is-layout-6d3fbd8f wp-block-post-template-is-layout-grid\"><li class=\"wp-block-post post-1123 post type-post status-publish format-standard has-post-thumbnail hentry category-general\">\n\n<div class=\"wp-block-group is-layout-flow wp-block-group-is-layout-flow\" style=\"padding-top:30px;padding-right:30px;padding-bottom:30px;padding-left:30px\"><h2 class=\"wp-block-post-title\"><a href=\"https:\/\/kmq.cl\/portones\/post-1-3\/\" target=\"_self\" >Portones de Corredera Antiportonazos: Seguridad y Eficiencia para tu Propiedad<\/a><\/h2>\n\n<div class=\"wp-block-post-excerpt\"><p class=\"wp-block-post-excerpt__excerpt\">La seguridad de nuestros hogares y negocios es una prioridad, y elegir el port\u00f3n adecuado puede hacer una gran diferencia. En Portones Met\u00e1licos KMQ, entendemos la importancia de proteger tus propiedades y, por eso, ofrecemos portones de corredera antiportonazos, dise\u00f1ados para brindar la m\u00e1xima seguridad y eficiencia. En este art\u00edculo, exploramos las caracter\u00edsticas y beneficios<\/p><p class=\"wp-block-post-excerpt__more-text\"><a class=\"wp-block-post-excerpt__more-link\" href=\"https:\/\/kmq.cl\/portones\/post-1-3\/\">Seguir leyendo<\/a><\/p><\/div>\n\n<div class=\"wp-block-post-date\"><time datetime=\"2024-07-09T18:26:35-04:00\">9 de Julio de 2024<\/time><\/div><\/div>\n\n<\/li><li class=\"wp-block-post post-1276 post type-post status-publish format-standard hentry category-general\">\n\n<div class=\"wp-block-group is-layout-flow wp-block-group-is-layout-flow\" style=\"padding-top:30px;padding-right:30px;padding-bottom:30px;padding-left:30px\"><h2 class=\"wp-block-post-title\"><a href=\"https:\/\/kmq.cl\/portones\/eficiencia-y-diseno-de-portones-metalicos\/\" target=\"_self\" >Eficiencia y Dise\u00f1o de Portones Met\u00e1licos<\/a><\/h2>\n\n<div class=\"wp-block-post-excerpt\"><p class=\"wp-block-post-excerpt__excerpt\">Sin duda, la ingenier\u00eda y materiales utilizados son clave para asegurar la funcionalidad y robustez requeridas en estos componentes. No menos importante es su apariencia, pues deben complementar armoniosamente las construcciones. Con opciones vers\u00e1tiles pero de calidad, sin duda habr\u00e1 soluciones acordes a diversos usos y estilos. Eficiencia Dise\u00f1o<\/p><p class=\"wp-block-post-excerpt__more-text\"><a class=\"wp-block-post-excerpt__more-link\" href=\"https:\/\/kmq.cl\/portones\/eficiencia-y-diseno-de-portones-metalicos\/\">Seguir leyendo<\/a><\/p><\/div>\n\n<div class=\"wp-block-post-date\"><time datetime=\"2024-05-30T19:13:59-04:00\">30 de Mayo de 2024<\/time><\/div><\/div>\n\n<\/li><li class=\"wp-block-post post-1121 post type-post status-publish format-standard hentry category-general\">\n\n<div class=\"wp-block-group is-layout-flow wp-block-group-is-layout-flow\" style=\"padding-top:30px;padding-right:30px;padding-bottom:30px;padding-left:30px\"><h2 class=\"wp-block-post-title\"><a href=\"https:\/\/kmq.cl\/portones\/post-3-3\/\" target=\"_self\" >Tipos de Portones Met\u00e1licos<\/a><\/h2>\n\n<div class=\"wp-block-post-excerpt\"><p class=\"wp-block-post-excerpt__excerpt\">Explora el Blog de KMQ Portones Met\u00e1licos y descubre todo sobre los distintos tipos de portones met\u00e1licos: usos, eficiencia, dise\u00f1o, materiales, costos y m\u00e1s. Obt\u00e9n consejos expertos para mejorar la seguridad y est\u00e9tica de tu propiedad<\/p><p class=\"wp-block-post-excerpt__more-text\"><a class=\"wp-block-post-excerpt__more-link\" href=\"https:\/\/kmq.cl\/portones\/post-3-3\/\">Seguir leyendo<\/a><\/p><\/div>\n\n<div class=\"wp-block-post-date\"><time datetime=\"2024-05-26T20:42:35-04:00\">26 de Mayo de 2024<\/time><\/div><\/div>\n\n<\/li><li class=\"wp-block-post post-247 post type-post status-publish format-standard hentry category-general\">\n\n<div class=\"wp-block-group is-layout-flow wp-block-group-is-layout-flow\" style=\"padding-top:30px;padding-right:30px;padding-bottom:30px;padding-left:30px\"><h2 class=\"wp-block-post-title\"><a href=\"https:\/\/kmq.cl\/portones\/post-1-4\/\" target=\"_self\" >Tipos de Electrodos<\/a><\/h2>\n\n<div class=\"wp-block-post-excerpt\"><p class=\"wp-block-post-excerpt__excerpt\">Tipos de Electrodos By&nbsp;Svonko Anic O.&nbsp;\/&nbsp;26 de Mayo de 2024 Distintos tipos de electrodos para soldar En KMQ, expertos en la fabricaci\u00f3n de portones met\u00e1licos, entendemos la importancia de contar con los mejores materiales y herramientas para cada proyecto. Hoy, te presentamos una gu\u00eda sobre los distintos tipos de electrodos para soldar, esenciales para lograr<\/p><p class=\"wp-block-post-excerpt__more-text\"><a class=\"wp-block-post-excerpt__more-link\" href=\"https:\/\/kmq.cl\/portones\/post-1-4\/\">Seguir leyendo<\/a><\/p><\/div>\n\n<div class=\"wp-block-post-date\"><time datetime=\"2024-05-26T20:39:21-04:00\">26 de Mayo de 2024<\/time><\/div><\/div>\n\n<\/li><li class=\"wp-block-post post-1 post type-post status-publish format-standard hentry category-general\">\n\n<div class=\"wp-block-group is-layout-flow wp-block-group-is-layout-flow\" style=\"padding-top:30px;padding-right:30px;padding-bottom:30px;padding-left:30px\"><h2 class=\"wp-block-post-title\"><a href=\"https:\/\/kmq.cl\/portones\/post-1\/\" target=\"_self\" >\u00a1Hola a todos\u00a1<\/a><\/h2>\n\n<div class=\"wp-block-post-excerpt\"><p class=\"wp-block-post-excerpt__excerpt\">En este blog exploraremos el mundo de los portones met\u00e1licos. Desde sus distintos tipos hasta su eficiencia, dise\u00f1o, materialidad y costos, aqu\u00ed encontrar\u00e1n toda la informaci\u00f3n que necesitan para tomar decisiones informadas sobre estos elementos esenciales para la seguridad y est\u00e9tica de su hogar o negocio.<\/p><p class=\"wp-block-post-excerpt__more-text\"><a class=\"wp-block-post-excerpt__more-link\" href=\"https:\/\/kmq.cl\/portones\/post-1\/\">Seguir leyendo<\/a><\/p><\/div>\n\n<div class=\"wp-block-post-date\"><time datetime=\"2024-05-25T22:02:56-04:00\">25 de Mayo de 2024<\/time><\/div><\/div>\n\n<\/li><\/ul><\/div>\n","protected":false},"excerpt":{"rendered":"<p>Bienvenidos al Blog de KMQ Portones Met\u00e1licos<\/p>\n","protected":false},"author":1,"featured_media":1409,"parent":0,"menu_order":0,"comment_status":"closed","ping_status":"closed","template":"elementor_theme","meta":{"_uag_custom_page_level_css":"","site-sidebar-layout":"default","site-content-layout":"","ast-site-content-layout":"default","site-content-style":"default","site-sidebar-style":"default","ast-global-header-display":"","ast-banner-title-visibility":"","ast-main-header-display":"","ast-hfb-above-header-display":"","ast-hfb-below-header-display":"","ast-hfb-mobile-header-display":"","site-post-title":"disabled","ast-breadcrumbs-content":"","ast-featured-img":"","footer-sml-layout":"","theme-transparent-header-meta":"enabled","adv-header-id-meta":"","stick-header-meta":"","header-above-stick-meta":"","header-main-stick-meta":"","header-below-stick-meta":"","astra-migrate-meta-layouts":"set","ast-page-background-enabled":"default","ast-page-background-meta":{"desktop":{"background-color":"var(--ast-global-color-4)","background-image":"","background-repeat":"repeat","background-position":"center center","background-size":"auto","background-attachment":"scroll","background-type":"","background-media":"","overlay-type":"","overlay-color":"","overlay-opacity":"","overlay-gradient":""},"tablet":{"background-color":"","background-image":"","background-repeat":"repeat","background-position":"center center","background-size":"auto","background-attachment":"scroll","background-type":"","background-media":"","overlay-type":"","overlay-color":"","overlay-opacity":"","overlay-gradient":""},"mobile":{"background-color":"","background-image":"","background-repeat":"repeat","background-position":"center center","background-size":"auto","background-attachment":"scroll","background-type":"","background-media":"","overlay-type":"","overlay-color":"","overlay-opacity":"","overlay-gradient":""}},"ast-content-background-meta":{"desktop":{"background-color":"var(--ast-global-color-5)","background-image":"","background-repeat":"repeat","background-position":"center center","background-size":"auto","background-attachment":"scroll","background-type":"","background-media":"","overlay-type":"","overlay-color":"","overlay-opacity":"","overlay-gradient":""},"tablet":{"background-color":"var(--ast-global-color-5)","background-image":"","background-repeat":"repeat","background-position":"center center","background-size":"auto","background-attachment":"scroll","background-type":"","background-media":"","overlay-type":"","overlay-color":"","overlay-opacity":"","overlay-gradient":""},"mobile":{"background-color":"var(--ast-global-color-5)","background-image":"","background-repeat":"repeat","background-position":"center center","background-size":"auto","background-attachment":"scroll","background-type":"","background-media":"","overlay-type":"","overlay-color":"","overlay-opacity":"","overlay-gradient":""}},"_joinchat":[],"footnotes":""},"class_list":["post-1125","page","type-page","status-publish","has-post-thumbnail","hentry"],"yoast_head":"<!-- This site is optimized with the Yoast SEO Premium plugin v25.9 (Yoast SEO v22.8) - https:\/\/yoast.com\/wordpress\/plugins\/seo\/ -->\n<title>Blog sobre portones - Portones Metalicos KMQ<\/title>\n<meta name=\"description\" content=\"Descubre todo sobre los distintos tipos de portones met\u00e1licos: usos, eficiencia, dise\u00f1o, materiales, costos y m\u00e1s.\" \/>\n<meta name=\"robots\" content=\"index, follow, max-snippet:-1, max-image-preview:large, max-video-preview:-1\" \/>\n<link rel=\"canonical\" href=\"https:\/\/kmq.cl\/portones\/blog-3\/\" \/>\n<meta property=\"og:locale\" content=\"es_ES\" \/>\n<meta property=\"og:type\" content=\"article\" \/>\n<meta property=\"og:title\" content=\"Blog sobre portones - Portones Metalicos KMQ\" \/>\n<meta property=\"og:description\" content=\"Descubre todo sobre los distintos tipos de portones met\u00e1licos: usos, eficiencia, dise\u00f1o, materiales, costos y m\u00e1s.\" \/>\n<meta property=\"og:url\" content=\"https:\/\/kmq.cl\/portones\/blog-3\/\" \/>\n<meta property=\"og:site_name\" content=\"Portones Metalicos KMQ\" \/>\n<meta property=\"article:modified_time\" content=\"2026-04-08T00:04:38+00:00\" \/>\n<meta property=\"og:image\" content=\"https:\/\/kmq.cl\/portones\/wp-content\/uploads\/2026\/04\/cabecera-blog.jpg\" \/>\n\t<meta property=\"og:image:width\" content=\"1024\" \/>\n\t<meta property=\"og:image:height\" content=\"1024\" \/>\n\t<meta property=\"og:image:type\" content=\"image\/jpeg\" \/>\n<meta name=\"twitter:card\" content=\"summary_large_image\" \/>\n<meta name=\"twitter:label1\" content=\"Tiempo estimado de lectura\" \/>\n\t<meta name=\"twitter:data1\" content=\"1 minuto\" \/>\n<script type=\"application\/ld+json\" class=\"yoast-schema-graph\">{\"@context\":\"https:\/\/schema.org\",\"@graph\":[{\"@type\":\"WebPage\",\"@id\":\"https:\/\/kmq.cl\/portones\/blog-3\/\",\"url\":\"https:\/\/kmq.cl\/portones\/blog-3\/\",\"name\":\"Blog sobre portones - Portones Metalicos KMQ\",\"isPartOf\":{\"@id\":\"https:\/\/kmq.cl\/portones\/#website\"},\"primaryImageOfPage\":{\"@id\":\"https:\/\/kmq.cl\/portones\/blog-3\/#primaryimage\"},\"image\":{\"@id\":\"https:\/\/kmq.cl\/portones\/blog-3\/#primaryimage\"},\"thumbnailUrl\":\"https:\/\/kmq.cl\/portones\/wp-content\/uploads\/2026\/04\/cabecera-blog.jpg\",\"datePublished\":\"2024-05-27T00:42:35+00:00\",\"dateModified\":\"2026-04-08T00:04:38+00:00\",\"description\":\"Descubre todo sobre los distintos tipos de portones met\u00e1licos: usos, eficiencia, dise\u00f1o, materiales, costos y m\u00e1s.\",\"breadcrumb\":{\"@id\":\"https:\/\/kmq.cl\/portones\/blog-3\/#breadcrumb\"},\"inLanguage\":\"es-CL\",\"potentialAction\":[{\"@type\":\"ReadAction\",\"target\":[\"https:\/\/kmq.cl\/portones\/blog-3\/\"]}]},{\"@type\":\"ImageObject\",\"inLanguage\":\"es-CL\",\"@id\":\"https:\/\/kmq.cl\/portones\/blog-3\/#primaryimage\",\"url\":\"https:\/\/kmq.cl\/portones\/wp-content\/uploads\/2026\/04\/cabecera-blog.jpg\",\"contentUrl\":\"https:\/\/kmq.cl\/portones\/wp-content\/uploads\/2026\/04\/cabecera-blog.jpg\",\"width\":1024,\"height\":1024},{\"@type\":\"BreadcrumbList\",\"@id\":\"https:\/\/kmq.cl\/portones\/blog-3\/#breadcrumb\",\"itemListElement\":[{\"@type\":\"ListItem\",\"position\":1,\"name\":\"Portada\",\"item\":\"https:\/\/kmq.cl\/portones\/\"},{\"@type\":\"ListItem\",\"position\":2,\"name\":\"Blog sobre portones\"}]},{\"@type\":\"WebSite\",\"@id\":\"https:\/\/kmq.cl\/portones\/#website\",\"url\":\"https:\/\/kmq.cl\/portones\/\",\"name\":\"Portones Metalicos KMQ\",\"description\":\"\",\"publisher\":{\"@id\":\"https:\/\/kmq.cl\/portones\/#organization\"},\"potentialAction\":[{\"@type\":\"SearchAction\",\"target\":{\"@type\":\"EntryPoint\",\"urlTemplate\":\"https:\/\/kmq.cl\/portones\/?s={search_term_string}\"},\"query-input\":\"required name=search_term_string\"}],\"inLanguage\":\"es-CL\"},{\"@type\":\"Organization\",\"@id\":\"https:\/\/kmq.cl\/portones\/#organization\",\"name\":\"Portones Metalicos KMQ\",\"url\":\"https:\/\/kmq.cl\/portones\/\",\"logo\":{\"@type\":\"ImageObject\",\"inLanguage\":\"es-CL\",\"@id\":\"https:\/\/kmq.cl\/portones\/#\/schema\/logo\/image\/\",\"url\":\"https:\/\/kmq.cl\/portones\/wp-content\/uploads\/2024\/06\/cropped-logo-protones-KMQ.jpg\",\"contentUrl\":\"https:\/\/kmq.cl\/portones\/wp-content\/uploads\/2024\/06\/cropped-logo-protones-KMQ.jpg\",\"width\":400,\"height\":400,\"caption\":\"Portones Metalicos KMQ\"},\"image\":{\"@id\":\"https:\/\/kmq.cl\/portones\/#\/schema\/logo\/image\/\"}}]}<\/script>\n<!-- \/ Yoast SEO Premium plugin. -->","yoast_head_json":{"title":"Blog sobre portones - Portones Metalicos KMQ","description":"Descubre todo sobre los distintos tipos de portones met\u00e1licos: usos, eficiencia, dise\u00f1o, materiales, costos y m\u00e1s.","robots":{"index":"index","follow":"follow","max-snippet":"max-snippet:-1","max-image-preview":"max-image-preview:large","max-video-preview":"max-video-preview:-1"},"canonical":"https:\/\/kmq.cl\/portones\/blog-3\/","og_locale":"es_ES","og_type":"article","og_title":"Blog sobre portones - Portones Metalicos KMQ","og_description":"Descubre todo sobre los distintos tipos de portones met\u00e1licos: usos, eficiencia, dise\u00f1o, materiales, costos y m\u00e1s.","og_url":"https:\/\/kmq.cl\/portones\/blog-3\/","og_site_name":"Portones Metalicos KMQ","article_modified_time":"2026-04-08T00:04:38+00:00","og_image":[{"width":1024,"height":1024,"url":"https:\/\/kmq.cl\/portones\/wp-content\/uploads\/2026\/04\/cabecera-blog.jpg","type":"image\/jpeg"}],"twitter_card":"summary_large_image","twitter_misc":{"Tiempo estimado de lectura":"1 minuto"},"schema":{"@context":"https:\/\/schema.org","@graph":[{"@type":"WebPage","@id":"https:\/\/kmq.cl\/portones\/blog-3\/","url":"https:\/\/kmq.cl\/portones\/blog-3\/","name":"Blog sobre portones - Portones Metalicos KMQ","isPartOf":{"@id":"https:\/\/kmq.cl\/portones\/#website"},"primaryImageOfPage":{"@id":"https:\/\/kmq.cl\/portones\/blog-3\/#primaryimage"},"image":{"@id":"https:\/\/kmq.cl\/portones\/blog-3\/#primaryimage"},"thumbnailUrl":"https:\/\/kmq.cl\/portones\/wp-content\/uploads\/2026\/04\/cabecera-blog.jpg","datePublished":"2024-05-27T00:42:35+00:00","dateModified":"2026-04-08T00:04:38+00:00","description":"Descubre todo sobre los distintos tipos de portones met\u00e1licos: usos, eficiencia, dise\u00f1o, materiales, costos y m\u00e1s.","breadcrumb":{"@id":"https:\/\/kmq.cl\/portones\/blog-3\/#breadcrumb"},"inLanguage":"es-CL","potentialAction":[{"@type":"ReadAction","target":["https:\/\/kmq.cl\/portones\/blog-3\/"]}]},{"@type":"ImageObject","inLanguage":"es-CL","@id":"https:\/\/kmq.cl\/portones\/blog-3\/#primaryimage","url":"https:\/\/kmq.cl\/portones\/wp-content\/uploads\/2026\/04\/cabecera-blog.jpg","contentUrl":"https:\/\/kmq.cl\/portones\/wp-content\/uploads\/2026\/04\/cabecera-blog.jpg","width":1024,"height":1024},{"@type":"BreadcrumbList","@id":"https:\/\/kmq.cl\/portones\/blog-3\/#breadcrumb","itemListElement":[{"@type":"ListItem","position":1,"name":"Portada","item":"https:\/\/kmq.cl\/portones\/"},{"@type":"ListItem","position":2,"name":"Blog sobre portones"}]},{"@type":"WebSite","@id":"https:\/\/kmq.cl\/portones\/#website","url":"https:\/\/kmq.cl\/portones\/","name":"Portones Metalicos KMQ","description":"","publisher":{"@id":"https:\/\/kmq.cl\/portones\/#organization"},"potentialAction":[{"@type":"SearchAction","target":{"@type":"EntryPoint","urlTemplate":"https:\/\/kmq.cl\/portones\/?s={search_term_string}"},"query-input":"required name=search_term_string"}],"inLanguage":"es-CL"},{"@type":"Organization","@id":"https:\/\/kmq.cl\/portones\/#organization","name":"Portones Metalicos KMQ","url":"https:\/\/kmq.cl\/portones\/","logo":{"@type":"ImageObject","inLanguage":"es-CL","@id":"https:\/\/kmq.cl\/portones\/#\/schema\/logo\/image\/","url":"https:\/\/kmq.cl\/portones\/wp-content\/uploads\/2024\/06\/cropped-logo-protones-KMQ.jpg","contentUrl":"https:\/\/kmq.cl\/portones\/wp-content\/uploads\/2024\/06\/cropped-logo-protones-KMQ.jpg","width":400,"height":400,"caption":"Portones Metalicos KMQ"},"image":{"@id":"https:\/\/kmq.cl\/portones\/#\/schema\/logo\/image\/"}}]}},"uagb_featured_image_src":{"full":["https:\/\/kmq.cl\/portones\/wp-content\/uploads\/2026\/04\/cabecera-blog.jpg",1024,1024,false],"thumbnail":["https:\/\/kmq.cl\/portones\/wp-content\/uploads\/2026\/04\/cabecera-blog-150x150.jpg",150,150,true],"medium":["https:\/\/kmq.cl\/portones\/wp-content\/uploads\/2026\/04\/cabecera-blog-300x300.jpg",300,300,true],"medium_large":["https:\/\/kmq.cl\/portones\/wp-content\/uploads\/2026\/04\/cabecera-blog-768x768.jpg",768,768,true],"large":["https:\/\/kmq.cl\/portones\/wp-content\/uploads\/2026\/04\/cabecera-blog.jpg",1024,1024,false],"1536x1536":["https:\/\/kmq.cl\/portones\/wp-content\/uploads\/2026\/04\/cabecera-blog.jpg",1024,1024,false],"2048x2048":["https:\/\/kmq.cl\/portones\/wp-content\/uploads\/2026\/04\/cabecera-blog.jpg",1024,1024,false]},"uagb_author_info":{"display_name":"Svonko Anic O.","author_link":"https:\/\/kmq.cl\/portones\/author\/svonko\/"},"uagb_comment_info":0,"uagb_excerpt":"Bienvenidos al Blog de KMQ Portones Met\u00e1licos","_links":{"self":[{"href":"https:\/\/kmq.cl\/portones\/wp-json\/wp\/v2\/pages\/1125","targetHints":{"allow":["GET"]}}],"collection":[{"href":"https:\/\/kmq.cl\/portones\/wp-json\/wp\/v2\/pages"}],"about":[{"href":"https:\/\/kmq.cl\/portones\/wp-json\/wp\/v2\/types\/page"}],"author":[{"embeddable":true,"href":"https:\/\/kmq.cl\/portones\/wp-json\/wp\/v2\/users\/1"}],"replies":[{"embeddable":true,"href":"https:\/\/kmq.cl\/portones\/wp-json\/wp\/v2\/comments?post=1125"}],"version-history":[{"count":26,"href":"https:\/\/kmq.cl\/portones\/wp-json\/wp\/v2\/pages\/1125\/revisions"}],"predecessor-version":[{"id":1331,"href":"https:\/\/kmq.cl\/portones\/wp-json\/wp\/v2\/pages\/1125\/revisions\/1331"}],"wp:featuredmedia":[{"embeddable":true,"href":"https:\/\/kmq.cl\/portones\/wp-json\/wp\/v2\/media\/1409"}],"wp:attachment":[{"href":"https:\/\/kmq.cl\/portones\/wp-json\/wp\/v2\/media?parent=1125"}],"curies":[{"name":"wp","href":"https:\/\/api.w.org\/{rel}","templated":true}]}}