{"id":44,"date":"2024-05-26T20:39:18","date_gmt":"2024-05-27T00:39:18","guid":{"rendered":"https:\/\/kmq.cl\/portones\/about\/"},"modified":"2026-04-07T19:52:50","modified_gmt":"2026-04-07T23:52:50","slug":"nosotros","status":"publish","type":"page","link":"https:\/\/kmq.cl\/portones\/nosotros\/","title":{"rendered":"Acerca de Nosotros"},"content":{"rendered":"\n<div class=\"wp-block-uagb-container uagb-block-0a64ae4f alignfull uagb-is-root-container\"><div class=\"uagb-container-inner-blocks-wrap\">\n<div class=\"wp-block-uagb-advanced-heading uagb-block-02d62cd4\"><h1 class=\"uagb-heading-text\">Tu experto en portones<\/h1><\/div>\n<\/div><\/div>\n\n\n\n<div class=\"wp-block-uagb-container uagb-block-a137e270 alignfull uagb-is-root-container\"><div class=\"uagb-container-inner-blocks-wrap\">\n<h3 class=\"wp-block-heading\">Nuestra empresa comenz\u00f3 con la visi\u00f3n de proporcionar portones met\u00e1licos de alta calidad y seguridad en Quilpu\u00e9 y sus alrededores.<\/h3>\n\n\n\n<div class=\"wp-block-uagb-image aligncenter uagb-block-2d749c53 wp-block-uagb-image--layout-default wp-block-uagb-image--effect-static wp-block-uagb-image--align-center uag-blocks-common-selector\" style=\"--z-index-desktop:1;;--z-index-tablet:undefined;;--z-index-mobile:undefined;\"><figure class=\"wp-block-uagb-image__figure\"><img loading=\"lazy\" decoding=\"async\" srcset=\"https:\/\/kmq.cl\/portones\/wp-content\/uploads\/2026\/04\/10-1024x461.jpg ,https:\/\/kmq.cl\/portones\/wp-content\/uploads\/2026\/04\/10.jpg 780w, https:\/\/kmq.cl\/portones\/wp-content\/uploads\/2026\/04\/10.jpg 360w\" sizes=\"auto, (max-width: 480px) 150px\" src=\"https:\/\/kmq.cl\/portones\/wp-content\/uploads\/2026\/04\/10-1024x461.jpg\" alt=\"\" class=\"uag-image-1404\" width=\"1200\" height=\"400\" title=\"10\" loading=\"lazy\" role=\"img\"\/><\/figure><\/div>\n<\/div><\/div>\n\n\n\n<div class=\"wp-block-uagb-container uagb-block-ef65caaf alignfull uagb-is-root-container\"><div class=\"uagb-container-inner-blocks-wrap\">\n<h2 class=\"wp-block-heading\">Historia de Portones KMQ<\/h2>\n\n\n\n<div class=\"wp-block-uagb-container uagb-block-2fb0c905\">\n<div class=\"wp-block-uagb-advanced-heading uagb-block-8f6a115f\"><p class=\"uagb-heading-text\">Portones Met\u00e1licos KMQ nace en respuesta a la demanda de portones de alta calidad para hogares y negocios en el \u00e1rea de Quilpu\u00e9 y Valparaiso.  Portones Metalicos KMQ es un departamento de KMQ Rejas y Protecciones  <a href=\"https:\/\/kmq.cl\/\">https:\/\/kmq.cl\/<\/a><\/p><p class=\"uagb-desc-text\">Desde nuestros inicios, nos hemos enfocado en brindar soluciones de seguridad y est\u00e9tica con nuestros portones met\u00e1licos.<\/p><\/div>\n\n\n\n<div class=\"wp-block-uagb-container uagb-block-b7fde968\">\n<div class=\"wp-block-uagb-advanced-heading uagb-block-c6c06cef\"><p class=\"uagb-desc-text\">2004: Apertura del departamento de Portones KMQ<\/p><\/div>\n\n\n\n<div class=\"wp-block-uagb-advanced-heading uagb-block-7603d1fd\"><p class=\"uagb-desc-text\">2005: Expansi\u00f3n de la empresa a la instalaci\u00f3n de portones autom\u00e1ticos<\/p><\/div>\n\n\n\n<div class=\"wp-block-uagb-advanced-heading uagb-block-b6011478\"><p class=\"uagb-desc-text\">2007: Implementaci\u00f3n del servicio de mantenimiento y reparaci\u00f3n de portones<\/p><\/div>\n\n\n\n<div class=\"wp-block-uagb-advanced-heading uagb-block-91407da2\"><p class=\"uagb-desc-text\">Desde su fundaci\u00f3n en 2004 hasta la actualida Portones Met\u00e1licos KMQ ha tenido la misi\u00f3n  de ofrecer productos duraderos y seguros, combinando tecnolog\u00eda avanzada con un dise\u00f1o est\u00e9tico atractivo.<\/p><\/div>\n<\/div>\n<\/div>\n<\/div><\/div>\n\n\n\n<div class=\"wp-block-uagb-container uagb-block-d53f9214 alignfull uagb-is-root-container\"><div class=\"uagb-container-inner-blocks-wrap\">\n<div class=\"wp-block-uagb-info-box uagb-block-409947f2 uagb-infobox__content-wrap  uagb-infobox-icon-above-title uagb-infobox-image-valign-top\"><div class=\"uagb-ifb-content\"><div class=\"uagb-ifb-title-wrap\"><h2 class=\"uagb-ifb-title\">Cotiza tu port\u00f3n<\/h2><\/div><div class=\"uagb-ifb-button-wrapper wp-block-button\"><a href=\"\/contact\/\" class=\"uagb-infobox-cta-link wp-block-button__link\" target=\"_self\" rel=\"noopener noreferrer\" onclick=\"return true;\" alt=\"\"><span class=\"uagb-inline-editing\">Contactanos<\/span><\/a><\/div><\/div><\/div>\n\n\n\n<div class=\"wp-block-uagb-advanced-heading uagb-block-09c5b74a\"><h3 class=\"uagb-heading-text\"><font style=\"vertical-align: inherit;\"><font style=\"vertical-align: inherit;\">o<\/font><\/font><\/h3><\/div>\n\n\n\n<p class=\"has-text-align-center has-large-font-size\">LLAMANOS <a href=\"tel:+56989868354\">tel:+56989868354<\/a><\/p>\n\n\n\n<div class=\"wp-block-uagb-buttons uagb-buttons__outer-wrap uagb-btn__default-btn uagb-btn-tablet__default-btn uagb-btn-mobile__default-btn uagb-block-29201f39\"><div class=\"uagb-buttons__wrap uagb-buttons-layout-wrap \">\n<div class=\"wp-block-uagb-buttons-child uagb-buttons__outer-wrap uagb-block-db508f03 wp-block-button\"><div class=\"uagb-button__wrapper\"><a class=\"uagb-buttons-repeater wp-block-button__link\" aria-label=\"\" href=\"#\" rel=\"follow noopener\" target=\"_self\" role=\"button\"><div class=\"uagb-button__link\">Click Here<\/div><\/a><\/div><\/div>\n<\/div><\/div>\n<\/div><\/div>\n","protected":false},"excerpt":{"rendered":"<p>Tu experto en portones Nuestra empresa comenz\u00f3 con la visi\u00f3n de proporcionar portones met\u00e1licos de alta calidad y seguridad en Quilpu\u00e9 y sus alrededores. Historia de Portones KMQ Portones Met\u00e1licos KMQ nace en respuesta a la demanda de portones de alta calidad para hogares y negocios en el \u00e1rea de Quilpu\u00e9 y Valparaiso. Portones Metalicos [&hellip;]<\/p>\n","protected":false},"author":1,"featured_media":0,"parent":0,"menu_order":0,"comment_status":"closed","ping_status":"closed","template":"elementor_theme","meta":{"_uag_custom_page_level_css":"","site-sidebar-layout":"no-sidebar","site-content-layout":"plain-container","ast-site-content-layout":"normal-width-container","site-content-style":"unboxed","site-sidebar-style":"unboxed","ast-global-header-display":"","ast-banner-title-visibility":"","ast-main-header-display":"","ast-hfb-above-header-display":"","ast-hfb-below-header-display":"","ast-hfb-mobile-header-display":"","site-post-title":"disabled","ast-breadcrumbs-content":"","ast-featured-img":"","footer-sml-layout":"","theme-transparent-header-meta":"enabled","adv-header-id-meta":"","stick-header-meta":"","header-above-stick-meta":"","header-main-stick-meta":"","header-below-stick-meta":"","astra-migrate-meta-layouts":"set","ast-page-background-enabled":"default","ast-page-background-meta":{"desktop":{"background-color":"var(--ast-global-color-4)","background-image":"","background-repeat":"repeat","background-position":"center center","background-size":"auto","background-attachment":"scroll","background-type":"","background-media":"","overlay-type":"","overlay-color":"","overlay-opacity":"","overlay-gradient":""},"tablet":{"background-color":"","background-image":"","background-repeat":"repeat","background-position":"center center","background-size":"auto","background-attachment":"scroll","background-type":"","background-media":"","overlay-type":"","overlay-color":"","overlay-opacity":"","overlay-gradient":""},"mobile":{"background-color":"","background-image":"","background-repeat":"repeat","background-position":"center center","background-size":"auto","background-attachment":"scroll","background-type":"","background-media":"","overlay-type":"","overlay-color":"","overlay-opacity":"","overlay-gradient":""}},"ast-content-background-meta":{"desktop":{"background-color":"var(--ast-global-color-5)","background-image":"","background-repeat":"repeat","background-position":"center center","background-size":"auto","background-attachment":"scroll","background-type":"","background-media":"","overlay-type":"","overlay-color":"","overlay-opacity":"","overlay-gradient":""},"tablet":{"background-color":"var(--ast-global-color-5)","background-image":"","background-repeat":"repeat","background-position":"center center","background-size":"auto","background-attachment":"scroll","background-type":"","background-media":"","overlay-type":"","overlay-color":"","overlay-opacity":"","overlay-gradient":""},"mobile":{"background-color":"var(--ast-global-color-5)","background-image":"","background-repeat":"repeat","background-position":"center center","background-size":"auto","background-attachment":"scroll","background-type":"","background-media":"","overlay-type":"","overlay-color":"","overlay-opacity":"","overlay-gradient":""}},"_joinchat":[],"footnotes":""},"class_list":["post-44","page","type-page","status-publish","hentry"],"yoast_head":"<!-- This site is optimized with the Yoast SEO Premium plugin v25.9 (Yoast SEO v22.8) - https:\/\/yoast.com\/wordpress\/plugins\/seo\/ -->\n<title>Acerca de Nosotros - Portones Metalicos KMQ<\/title>\n<meta name=\"description\" content=\"Nuestra empresa comenz\u00f3 con la visi\u00f3n de proporcionar portones met\u00e1licos de alta calidad y seguridad en Quilpu\u00e9 y sus alrededores.\" \/>\n<meta name=\"robots\" content=\"index, follow, max-snippet:-1, max-image-preview:large, max-video-preview:-1\" \/>\n<link rel=\"canonical\" href=\"https:\/\/kmq.cl\/portones\/nosotros\/\" \/>\n<meta property=\"og:locale\" content=\"es_ES\" \/>\n<meta property=\"og:type\" content=\"article\" \/>\n<meta property=\"og:title\" content=\"Acerca de Nosotros - Portones Metalicos KMQ\" \/>\n<meta property=\"og:description\" content=\"Nuestra empresa comenz\u00f3 con la visi\u00f3n de proporcionar portones met\u00e1licos de alta calidad y seguridad en Quilpu\u00e9 y sus alrededores.\" \/>\n<meta property=\"og:url\" content=\"https:\/\/kmq.cl\/portones\/nosotros\/\" \/>\n<meta property=\"og:site_name\" content=\"Portones Metalicos KMQ\" \/>\n<meta property=\"article:modified_time\" content=\"2026-04-07T23:52:50+00:00\" \/>\n<meta property=\"og:image\" content=\"https:\/\/kmq.cl\/portones\/wp-content\/uploads\/2026\/04\/10-1024x461.jpg\" \/>\n<meta name=\"twitter:card\" content=\"summary_large_image\" \/>\n<meta name=\"twitter:label1\" content=\"Tiempo estimado de lectura\" \/>\n\t<meta name=\"twitter:data1\" content=\"1 minuto\" \/>\n<script type=\"application\/ld+json\" class=\"yoast-schema-graph\">{\"@context\":\"https:\/\/schema.org\",\"@graph\":[{\"@type\":\"WebPage\",\"@id\":\"https:\/\/kmq.cl\/portones\/nosotros\/\",\"url\":\"https:\/\/kmq.cl\/portones\/nosotros\/\",\"name\":\"Acerca de Nosotros - Portones Metalicos KMQ\",\"isPartOf\":{\"@id\":\"https:\/\/kmq.cl\/portones\/#website\"},\"primaryImageOfPage\":{\"@id\":\"https:\/\/kmq.cl\/portones\/nosotros\/#primaryimage\"},\"image\":{\"@id\":\"https:\/\/kmq.cl\/portones\/nosotros\/#primaryimage\"},\"thumbnailUrl\":\"https:\/\/kmq.cl\/portones\/wp-content\/uploads\/2026\/04\/10-1024x461.jpg\",\"datePublished\":\"2024-05-27T00:39:18+00:00\",\"dateModified\":\"2026-04-07T23:52:50+00:00\",\"description\":\"Nuestra empresa comenz\u00f3 con la visi\u00f3n de proporcionar portones met\u00e1licos de alta calidad y seguridad en Quilpu\u00e9 y sus alrededores.\",\"breadcrumb\":{\"@id\":\"https:\/\/kmq.cl\/portones\/nosotros\/#breadcrumb\"},\"inLanguage\":\"es-CL\",\"potentialAction\":[{\"@type\":\"ReadAction\",\"target\":[\"https:\/\/kmq.cl\/portones\/nosotros\/\"]}]},{\"@type\":\"ImageObject\",\"inLanguage\":\"es-CL\",\"@id\":\"https:\/\/kmq.cl\/portones\/nosotros\/#primaryimage\",\"url\":\"https:\/\/kmq.cl\/portones\/wp-content\/uploads\/2026\/04\/10.jpg\",\"contentUrl\":\"https:\/\/kmq.cl\/portones\/wp-content\/uploads\/2026\/04\/10.jpg\",\"width\":1280,\"height\":576},{\"@type\":\"BreadcrumbList\",\"@id\":\"https:\/\/kmq.cl\/portones\/nosotros\/#breadcrumb\",\"itemListElement\":[{\"@type\":\"ListItem\",\"position\":1,\"name\":\"Portada\",\"item\":\"https:\/\/kmq.cl\/portones\/\"},{\"@type\":\"ListItem\",\"position\":2,\"name\":\"Acerca de Nosotros\"}]},{\"@type\":\"WebSite\",\"@id\":\"https:\/\/kmq.cl\/portones\/#website\",\"url\":\"https:\/\/kmq.cl\/portones\/\",\"name\":\"Portones Metalicos KMQ\",\"description\":\"\",\"publisher\":{\"@id\":\"https:\/\/kmq.cl\/portones\/#organization\"},\"potentialAction\":[{\"@type\":\"SearchAction\",\"target\":{\"@type\":\"EntryPoint\",\"urlTemplate\":\"https:\/\/kmq.cl\/portones\/?s={search_term_string}\"},\"query-input\":\"required name=search_term_string\"}],\"inLanguage\":\"es-CL\"},{\"@type\":\"Organization\",\"@id\":\"https:\/\/kmq.cl\/portones\/#organization\",\"name\":\"Portones Metalicos KMQ\",\"url\":\"https:\/\/kmq.cl\/portones\/\",\"logo\":{\"@type\":\"ImageObject\",\"inLanguage\":\"es-CL\",\"@id\":\"https:\/\/kmq.cl\/portones\/#\/schema\/logo\/image\/\",\"url\":\"https:\/\/kmq.cl\/portones\/wp-content\/uploads\/2024\/06\/cropped-logo-protones-KMQ.jpg\",\"contentUrl\":\"https:\/\/kmq.cl\/portones\/wp-content\/uploads\/2024\/06\/cropped-logo-protones-KMQ.jpg\",\"width\":400,\"height\":400,\"caption\":\"Portones Metalicos KMQ\"},\"image\":{\"@id\":\"https:\/\/kmq.cl\/portones\/#\/schema\/logo\/image\/\"}}]}<\/script>\n<!-- \/ Yoast SEO Premium plugin. -->","yoast_head_json":{"title":"Acerca de Nosotros - Portones Metalicos KMQ","description":"Nuestra empresa comenz\u00f3 con la visi\u00f3n de proporcionar portones met\u00e1licos de alta calidad y seguridad en Quilpu\u00e9 y sus alrededores.","robots":{"index":"index","follow":"follow","max-snippet":"max-snippet:-1","max-image-preview":"max-image-preview:large","max-video-preview":"max-video-preview:-1"},"canonical":"https:\/\/kmq.cl\/portones\/nosotros\/","og_locale":"es_ES","og_type":"article","og_title":"Acerca de Nosotros - Portones Metalicos KMQ","og_description":"Nuestra empresa comenz\u00f3 con la visi\u00f3n de proporcionar portones met\u00e1licos de alta calidad y seguridad en Quilpu\u00e9 y sus alrededores.","og_url":"https:\/\/kmq.cl\/portones\/nosotros\/","og_site_name":"Portones Metalicos KMQ","article_modified_time":"2026-04-07T23:52:50+00:00","og_image":[{"url":"https:\/\/kmq.cl\/portones\/wp-content\/uploads\/2026\/04\/10-1024x461.jpg"}],"twitter_card":"summary_large_image","twitter_misc":{"Tiempo estimado de lectura":"1 minuto"},"schema":{"@context":"https:\/\/schema.org","@graph":[{"@type":"WebPage","@id":"https:\/\/kmq.cl\/portones\/nosotros\/","url":"https:\/\/kmq.cl\/portones\/nosotros\/","name":"Acerca de Nosotros - Portones Metalicos KMQ","isPartOf":{"@id":"https:\/\/kmq.cl\/portones\/#website"},"primaryImageOfPage":{"@id":"https:\/\/kmq.cl\/portones\/nosotros\/#primaryimage"},"image":{"@id":"https:\/\/kmq.cl\/portones\/nosotros\/#primaryimage"},"thumbnailUrl":"https:\/\/kmq.cl\/portones\/wp-content\/uploads\/2026\/04\/10-1024x461.jpg","datePublished":"2024-05-27T00:39:18+00:00","dateModified":"2026-04-07T23:52:50+00:00","description":"Nuestra empresa comenz\u00f3 con la visi\u00f3n de proporcionar portones met\u00e1licos de alta calidad y seguridad en Quilpu\u00e9 y sus alrededores.","breadcrumb":{"@id":"https:\/\/kmq.cl\/portones\/nosotros\/#breadcrumb"},"inLanguage":"es-CL","potentialAction":[{"@type":"ReadAction","target":["https:\/\/kmq.cl\/portones\/nosotros\/"]}]},{"@type":"ImageObject","inLanguage":"es-CL","@id":"https:\/\/kmq.cl\/portones\/nosotros\/#primaryimage","url":"https:\/\/kmq.cl\/portones\/wp-content\/uploads\/2026\/04\/10.jpg","contentUrl":"https:\/\/kmq.cl\/portones\/wp-content\/uploads\/2026\/04\/10.jpg","width":1280,"height":576},{"@type":"BreadcrumbList","@id":"https:\/\/kmq.cl\/portones\/nosotros\/#breadcrumb","itemListElement":[{"@type":"ListItem","position":1,"name":"Portada","item":"https:\/\/kmq.cl\/portones\/"},{"@type":"ListItem","position":2,"name":"Acerca de Nosotros"}]},{"@type":"WebSite","@id":"https:\/\/kmq.cl\/portones\/#website","url":"https:\/\/kmq.cl\/portones\/","name":"Portones Metalicos KMQ","description":"","publisher":{"@id":"https:\/\/kmq.cl\/portones\/#organization"},"potentialAction":[{"@type":"SearchAction","target":{"@type":"EntryPoint","urlTemplate":"https:\/\/kmq.cl\/portones\/?s={search_term_string}"},"query-input":"required name=search_term_string"}],"inLanguage":"es-CL"},{"@type":"Organization","@id":"https:\/\/kmq.cl\/portones\/#organization","name":"Portones Metalicos KMQ","url":"https:\/\/kmq.cl\/portones\/","logo":{"@type":"ImageObject","inLanguage":"es-CL","@id":"https:\/\/kmq.cl\/portones\/#\/schema\/logo\/image\/","url":"https:\/\/kmq.cl\/portones\/wp-content\/uploads\/2024\/06\/cropped-logo-protones-KMQ.jpg","contentUrl":"https:\/\/kmq.cl\/portones\/wp-content\/uploads\/2024\/06\/cropped-logo-protones-KMQ.jpg","width":400,"height":400,"caption":"Portones Metalicos KMQ"},"image":{"@id":"https:\/\/kmq.cl\/portones\/#\/schema\/logo\/image\/"}}]}},"uagb_featured_image_src":{"full":false,"thumbnail":false,"medium":false,"medium_large":false,"large":false,"1536x1536":false,"2048x2048":false},"uagb_author_info":{"display_name":"Svonko Anic O.","author_link":"https:\/\/kmq.cl\/portones\/author\/svonko\/"},"uagb_comment_info":0,"uagb_excerpt":"Tu experto en portones Nuestra empresa comenz\u00f3 con la visi\u00f3n de proporcionar portones met\u00e1licos de alta calidad y seguridad en Quilpu\u00e9 y sus alrededores. Historia de Portones KMQ Portones Met\u00e1licos KMQ nace en respuesta a la demanda de portones de alta calidad para hogares y negocios en el \u00e1rea de Quilpu\u00e9 y Valparaiso. Portones Metalicos&hellip;","_links":{"self":[{"href":"https:\/\/kmq.cl\/portones\/wp-json\/wp\/v2\/pages\/44","targetHints":{"allow":["GET"]}}],"collection":[{"href":"https:\/\/kmq.cl\/portones\/wp-json\/wp\/v2\/pages"}],"about":[{"href":"https:\/\/kmq.cl\/portones\/wp-json\/wp\/v2\/types\/page"}],"author":[{"embeddable":true,"href":"https:\/\/kmq.cl\/portones\/wp-json\/wp\/v2\/users\/1"}],"replies":[{"embeddable":true,"href":"https:\/\/kmq.cl\/portones\/wp-json\/wp\/v2\/comments?post=44"}],"version-history":[{"count":9,"href":"https:\/\/kmq.cl\/portones\/wp-json\/wp\/v2\/pages\/44\/revisions"}],"predecessor-version":[{"id":1407,"href":"https:\/\/kmq.cl\/portones\/wp-json\/wp\/v2\/pages\/44\/revisions\/1407"}],"wp:attachment":[{"href":"https:\/\/kmq.cl\/portones\/wp-json\/wp\/v2\/media?parent=44"}],"curies":[{"name":"wp","href":"https:\/\/api.w.org\/{rel}","templated":true}]}}